{"id":211,"date":"2018-12-21T15:32:47","date_gmt":"2018-12-21T15:32:47","guid":{"rendered":"http:\/\/nummer27.nl\/?page_id=211"},"modified":"2022-04-12T09:50:50","modified_gmt":"2022-04-12T09:50:50","slug":"business-intelligence","status":"publish","type":"page","link":"https:\/\/nummer27.nl\/?page_id=211","title":{"rendered":"Business Intelligence"},"content":{"rendered":"\n<h1 class=\"wp-block-heading\">Business Intelligence<\/h1>\n\n\n\n<p>Met Business Intelligence (BI) kunnen veel processen binnen een organisatie ondersteund worden. Onderbuikgevoel wordt ondersteund met geverifieerde informatie en nieuwe inzichten ontstaan.<\/p>\n\n\n\n<p>\n\nVraagstukken waar u aan kunt denken:\n\n<\/p>\n\n\n\n<ul class=\"wp-block-list\"><li>Hoe kan goede en betrouwbare managementinformatie gemaakt worden? <\/li><li>Hoe kan uw organisatie effici\u00ebnter werken zodat er meer geld naar de belangrijkste processen kan? Valt er in de (financi\u00eble) data een bepaald patroon te ontdekken?<\/li><li>Hoe moet de data van bepaalde processen omgezet worden zodat het nieuwe systeem optimaal gaat werken?<\/li><li>Welke analyses kunnen geautomatiseerd worden?<\/li><\/ul>\n\n\n\n<p>Niet alleen het benutten van deze nieuwe kansen, maar ook het beheersen van nieuwe risico\u2019s die deze ontwikkelingen met zich meebrengen, is cruciaal in de komende jaren. <br><br>Ik heb met verschillende tools gewerkt om BI binnen organisaties te implementeren. Het leukste vind ik als een verkregen inzicht de keuzes van de beslissers binnen een organisatie kan be\u00efnvloeden of dat de inzichten leiden tot effici\u00ebnter werken.<br><br>In mijn carri\u00e8re heb ik diverse klanten mogen helpen met het verkrijgen van de juiste inzichten.<\/p>\n","protected":false},"excerpt":{"rendered":"<p>Business Intelligence Met Business Intelligence (BI) kunnen veel processen binnen een organisatie ondersteund worden. Onderbuikgevoel wordt ondersteund met geverifieerde informatie en nieuwe inzichten ontstaan. Vraagstukken waar u aan kunt denken: Hoe kan goede en betrouwbare managementinformatie gemaakt worden? Hoe kan uw organisatie effici\u00ebnter werken zodat er meer geld naar de belangrijkste processen kan? Valt er &#8230; <a href=\"https:\/\/nummer27.nl\/?page_id=211\" class=\"more-link text-uppercase small\"><strong>Continue Reading<\/strong> <i class=\"fa fa-angle-double-right\" aria-hidden=\"true\"><\/i><\/a><\/p>\n","protected":false},"author":1,"featured_media":0,"parent":277,"menu_order":0,"comment_status":"closed","ping_status":"closed","template":"","meta":{"footnotes":""},"class_list":["post-211","page","type-page","status-publish","hentry"],"_links":{"self":[{"href":"https:\/\/nummer27.nl\/index.php?rest_route=\/wp\/v2\/pages\/211","targetHints":{"allow":["GET"]}}],"collection":[{"href":"https:\/\/nummer27.nl\/index.php?rest_route=\/wp\/v2\/pages"}],"about":[{"href":"https:\/\/nummer27.nl\/index.php?rest_route=\/wp\/v2\/types\/page"}],"author":[{"embeddable":true,"href":"https:\/\/nummer27.nl\/index.php?rest_route=\/wp\/v2\/users\/1"}],"replies":[{"embeddable":true,"href":"https:\/\/nummer27.nl\/index.php?rest_route=%2Fwp%2Fv2%2Fcomments&post=211"}],"version-history":[{"count":5,"href":"https:\/\/nummer27.nl\/index.php?rest_route=\/wp\/v2\/pages\/211\/revisions"}],"predecessor-version":[{"id":347,"href":"https:\/\/nummer27.nl\/index.php?rest_route=\/wp\/v2\/pages\/211\/revisions\/347"}],"up":[{"embeddable":true,"href":"https:\/\/nummer27.nl\/index.php?rest_route=\/wp\/v2\/pages\/277"}],"wp:attachment":[{"href":"https:\/\/nummer27.nl\/index.php?rest_route=%2Fwp%2Fv2%2Fmedia&parent=211"}],"curies":[{"name":"wp","href":"https:\/\/api.w.org\/{rel}","templated":true}]}}